{"id":2,"date":"2012-09-04T13:39:49","date_gmt":"2012-09-04T17:39:49","guid":{"rendered":"https:\/\/people.clas.ufl.edu\/template\/?page_id=2"},"modified":"2026-03-19T15:31:19","modified_gmt":"2026-03-19T19:31:19","slug":"home","status":"publish","type":"page","link":"https:\/\/people.clas.ufl.edu\/ehind\/","title":{"rendered":"Home"},"content":{"rendered":"\n<section class=\"fullwidth-text-block\"><div class=\"container px-0\"><div class=\"row align-items-start\"><div class=\"col-12\">\n<figure class=\"wp-block-image size-medium\"><img loading=\"lazy\" decoding=\"async\" width=\"225\" height=\"300\" src=\"https:\/\/people.clas.ufl.edu\/ehind\/files\/IMG_4171-225x300.jpeg\" alt=\"Picture of Dr. Emily Hind holding a copy of\u00a0Literatura infantil y juvenil mexicana, her book of interviews with children's literature and young adult authors in Mexico.\" class=\"wp-image-366\" srcset=\"https:\/\/people.clas.ufl.edu\/ehind\/files\/IMG_4171-225x300.jpeg 225w, https:\/\/people.clas.ufl.edu\/ehind\/files\/IMG_4171-768x1024.jpeg 768w, https:\/\/people.clas.ufl.edu\/ehind\/files\/IMG_4171-200x267.jpeg 200w, https:\/\/people.clas.ufl.edu\/ehind\/files\/IMG_4171-300x400.jpeg 300w, https:\/\/people.clas.ufl.edu\/ehind\/files\/IMG_4171.jpeg 1536w\" sizes=\"auto, (max-width: 225px) 100vw, 225px\" \/><figcaption class=\"wp-element-caption\">Dr. Emily Hind holds a copy of Literatura infantil y juvenil mexicana, her book of interviews with children&#8217;s literature and young adult authors, editors in Mexico.<\/figcaption><\/figure>\n\n\n\n<h2 class=\"wp-block-heading\">Emily Hind<\/h2>\n\n\n\n<p>Professor<\/p>\n\n\n\n<h3 class=\"wp-block-heading\">Areas of Interest\/Research<\/h3>\n\n\n\n<ul class=\"wp-block-list\">\n<li>Mexican Studies (Literature, Film, Culture, Politics, History)<\/li>\n\n\n\n<li>Latin American Literature and Film<\/li>\n\n\n\n<li>20th- and 21st- Century Critical Approaches within the Interdisciplinary Humanities<\/li>\n<\/ul>\n\n\n\n<h3 class=\"wp-block-heading\">Background<\/h3>\n\n\n\n<p>Emily Hind is a Fulbright scholar, Professor of Spanish, and the author of <em>Dude Lit: Mexican Men Writing and Performing Competence, 1955-2012 <\/em>(University of Arizona, 2019), which received honorable mention for Best Book in the Humanities 2019 from the Mexico Section of Latin American Studies. The translation by Carl Good is now available: <em>Macholiteratura: Hombres mexicanos escribiendo y actuando la competencia, 1955-2012<\/em>. (Bonilla Artigas, 2025). She has also published <em>Femmenism and the Mexican Woman Intellectual from Sor Juana to Poniatowska: Boob Lit<\/em> (Palgrave Macmillan, 2010). Her third book of interviews, <em>Literatura infantil y juvenil: Entrevistas <\/em>(Peter Lang 2020) gathers 22 conversations with writers and editors of children\u2019s and young adult literature in Mexico.<\/p>\n\n\n\n<p>Dr. Hind completed a Fulbright award to teach and study with the Universidad Veracruzana in Xalalpa, Mexico in June 2015, which complemented her previous three years as faculty in Mexico City with the Universidad Iberoamericana. She has won the Top Lit Prof in Spanish from the grad students at UF four times. Hind is the book review editor for the journal <em>Chasqui. She has been the president of the Mexico forum for MLA and served as the Vice President for Feministas Unidas. She encourages grad students to apply for the Feministas Unidas prize offered for an unpublished article: <a href=\"https:\/\/www.feministas-unidas.org\/feministas-unidas-awards\">https:\/\/www.feministas-unidas.org\/feministas-unidas-awards<\/a>&nbsp;<\/em><\/p>\n\n\n\n<p>She has written numerous articles on Mexican literature and film, with concentrations on topics such as energopower, sustainabiltiy, disability studies, children\u2019s literature, and celebrity culture. Living writers studied in her recent projects include Jazmina Barrera, Ave Barrera, Alma Delia Murillo, Amaury Colmenares, Elisa de Gortari, Gabriela Dami\u00e1n Miravete, Nayeli Garc\u00eda, Paulette Jonguitud Acosta, Jaime Alfonso Sandoval, Antonio Malpica, M\u00f3nica Brozon, Juli\u00e1n Herbert, Carlos Vel\u00e1zquez, Carla Faesler, Alberto Chimal, Mar\u00eda Baranda, Mar\u00eda Rivera, Guadalupe Nettel, Vivian Abenshushan, Mario Bellatin, Sabina Berman, Carmen Boullosa, Bernardo Esquinca, Guadalupe Loaeza, Cristina Rivera Garza, and many more.<\/p>\n\n\n\n<p>She is currently writing a book on plants and oil, studied simultaneously, in Mexican literature, film, and culture, under contract with Vanderbilt University Press.<\/p>\n\n\n\n<p><\/p>\n\n\n\n<h2 class=\"wp-block-heading\">Books:<\/h2>\n\n\n\n<ul class=\"wp-block-list\">\n<li><em>Macholiteratura: Hombres mexicanos escribiendo y actuando la competencia, 1955-2012<\/em>. Bonilla Artigas, 2025. <a href=\"https:\/\/bonillaartigaseditores.com\/collections\/publica-critica\/products\/macholiteratura-hombres-mexicanos-escribiendo-y-actuando-la-competencia-1955-2012-emily-hind\">https:\/\/bonillaartigaseditores.com\/collections\/publica-critica\/products\/macholiteratura-hombres-mexicanos-escribiendo-y-actuando-la-competencia-1955-2012-emily-hind<\/a><\/li>\n\n\n\n<li><em>Literatura infantil y juvenil: Entrevistas. <\/em>New York:&nbsp;Peter Lang, 2020.&nbsp;<a href=\"https:\/\/www.peterlang.com\/view\/title\/71211\">https:\/\/www.peterlang.com\/view\/title\/71211<\/a><\/li>\n\n\n\n<li><em>Dude Lit: Mexican Men Writing and Performing Competence, 1955-2012<\/em>. Tuscon: University of Arizona Press, 2019.&nbsp;<a href=\"https:\/\/uapress.arizona.edu\/book\/dude-lit\">https:\/\/uapress.arizona.edu\/book\/dude-lit<\/a><\/li>\n\n\n\n<li>&nbsp;<em>La generaci\u00f3n XXX: Entrevistas con veinte escritores mexicanos nacidos en los 70<\/em>. De Abenshushan a Xoconostle. M\u00e9xico: E\u00f3n, 2013.<a href=\"https:\/\/www.amazon.com\/Generaci%C3%B3n-XXX-Entrevistas-escritores-Abenshushan\/dp\/6078289144\">https:\/\/www.amazon.com\/Generaci%C3%B3n-XXX-Entrevistas-escritores-Abenshushan\/dp\/6078289144<\/a><\/li>\n\n\n\n<li><em>Femmenism and the Mexican Woman Intellectual from Sor Juana to Poniatowska: Boob Lit<\/em>. New York: Palgrave Macmillan, 2010.&nbsp;<a href=\"https:\/\/books.google.com\/books?id=XZBiAQAAQBAJ&amp;pg=PT5&amp;lpg=PT5&amp;dq=boob+lit+hind&amp;source=bl&amp;ots=S3EFSPipFX&amp;sig=ACfU3U2DEJ8m4bvR-Ilh7pdTp2kAKqhWgw&amp;hl=en&amp;sa=X&amp;ved=2ahUKEwiVso-0kpTkAhUDtlkKHVx6Cm0Q6AEwDnoECAkQAQ#v=onepage&amp;q=boob%20lit%20hind&amp;f=false\">https:\/\/books.google.com\/books?id=XZBiAQAAQBAJ&amp;pg=PT5&amp;lpg=PT5&amp;dq=boob+lit+hind&amp;source=bl&amp;ots=S3EFSPipFX&amp;sig=ACfU3U2DEJ8m4bvR-Ilh7pdTp2kAKqhWgw&amp;hl=en&amp;sa=X&amp;ved=2ahUKEwiVso-0kpTkAhUDtlkKHVx6Cm0Q6AEwDnoECAkQAQ#v=onepage&amp;q=boob%20lit%20hind&amp;f=false<\/a><\/li>\n\n\n\n<li><em>Entrevistas con quince autoras mexicanas<\/em>. Madrid: Iberoamericana\/ Frankfurt am Main: Vervuert, 2003.&nbsp;<a href=\"https:\/\/www.amazon.com\/Entrevistas-quince-autoras-mexicanas-Spanish\/dp\/8484891151\">https:\/\/www.amazon.com\/Entrevistas-quince-autoras-mexicanas-Spanish\/dp\/8484891151<\/a><\/li>\n<\/ul>\n\n\n\n<h3 class=\"wp-block-heading\">Contact Information<\/h3>\n\n\n\n<p>Email: ehind@ufl.edu<br>\nPhone: (352) 392-5897<br>\nOffice: 362 GRI<\/p>\n\n\n\n<p>Office Mailing Address<br>\n170 Dauer Hall<br>\nPO Box 117405<br>\nGainesville, FL 32611<\/p>\n\n\n\n<p><\/p>\n\n\n\n<p><a href=\"https:\/\/people.clas.ufl.edu\/ehind\/files\/Dude-LIt-cover.jpg\" rel=\"attachment wp-att-308\">&nbsp; &nbsp; &nbsp;&nbsp;<\/a><a href=\"https:\/\/people.clas.ufl.edu\/ehind\/files\/Dude-LIt-cover.jpg\" rel=\"attachment wp-att-308\"> &nbsp;&nbsp;&nbsp;<\/a><a href=\"https:\/\/people.clas.ufl.edu\/ehind\/files\/foto-para-clase-carril-de-bici-e1628615893569.jpg\" rel=\"attachment wp-att-369\"> &nbsp;<\/a><a href=\"https:\/\/people.clas.ufl.edu\/ehind\/files\/foto-cruce-peatonal-arcoiris-e1628615978594.jpg\" rel=\"attachment wp-att-371\"> &nbsp;<\/a><\/p>\n\n\n\n<figure class=\"wp-block-image size-medium\"><img loading=\"lazy\" decoding=\"async\" width=\"225\" height=\"300\" src=\"https:\/\/people.clas.ufl.edu\/ehind\/files\/Macholiteratura-225x300.jpg\" alt=\"Picture of Dr. Emily Hind holding Macholiteratura, the translation of Dude Lit.\" class=\"wp-image-511\" srcset=\"https:\/\/people.clas.ufl.edu\/ehind\/files\/Macholiteratura-225x300.jpg 225w, https:\/\/people.clas.ufl.edu\/ehind\/files\/Macholiteratura-768x1024.jpg 768w, https:\/\/people.clas.ufl.edu\/ehind\/files\/Macholiteratura-1152x1536.jpg 1152w, https:\/\/people.clas.ufl.edu\/ehind\/files\/Macholiteratura-200x267.jpg 200w, https:\/\/people.clas.ufl.edu\/ehind\/files\/Macholiteratura-300x400.jpg 300w, https:\/\/people.clas.ufl.edu\/ehind\/files\/Macholiteratura.jpg 1536w\" sizes=\"auto, (max-width: 225px) 100vw, 225px\" \/><figcaption class=\"wp-element-caption\">Dr. Emily Hind poses with Macholiteratura, the translation of her book Dude Lit.<\/figcaption><\/figure>\n\n\n\n<p><\/p>\n\n\n\n<p><\/p>\n<\/div><\/div><\/div><\/section>\n","protected":false},"excerpt":{"rendered":"","protected":false},"author":494,"featured_media":0,"parent":0,"menu_order":0,"comment_status":"closed","ping_status":"closed","template":"","meta":{"_acf_changed":false,"featured_post":"","footnotes":"","_links_to":"","_links_to_target":""},"class_list":["post-2","page","type-page","status-publish","hentry"],"acf":[],"_links":{"self":[{"href":"https:\/\/people.clas.ufl.edu\/ehind\/wp-json\/wp\/v2\/pages\/2","targetHints":{"allow":["GET"]}}],"collection":[{"href":"https:\/\/people.clas.ufl.edu\/ehind\/wp-json\/wp\/v2\/pages"}],"about":[{"href":"https:\/\/people.clas.ufl.edu\/ehind\/wp-json\/wp\/v2\/types\/page"}],"author":[{"embeddable":true,"href":"https:\/\/people.clas.ufl.edu\/ehind\/wp-json\/wp\/v2\/users\/494"}],"replies":[{"embeddable":true,"href":"https:\/\/people.clas.ufl.edu\/ehind\/wp-json\/wp\/v2\/comments?post=2"}],"version-history":[{"count":10,"href":"https:\/\/people.clas.ufl.edu\/ehind\/wp-json\/wp\/v2\/pages\/2\/revisions"}],"predecessor-version":[{"id":536,"href":"https:\/\/people.clas.ufl.edu\/ehind\/wp-json\/wp\/v2\/pages\/2\/revisions\/536"}],"wp:attachment":[{"href":"https:\/\/people.clas.ufl.edu\/ehind\/wp-json\/wp\/v2\/media?parent=2"}],"curies":[{"name":"wp","href":"https:\/\/api.w.org\/{rel}","templated":true}]}}